{"id":554,"date":"2024-05-08T04:45:45","date_gmt":"2024-05-08T02:45:45","guid":{"rendered":"https:\/\/sbs.dev-ws.com\/serveis\/"},"modified":"2025-04-02T18:14:43","modified_gmt":"2025-04-02T16:14:43","slug":"serveis","status":"publish","type":"page","link":"https:\/\/sbs.dev-ws.com\/ca\/serveis\/","title":{"rendered":"Serveis"},"content":{"rendered":"","protected":false},"excerpt":{"rendered":"","protected":false},"author":1,"featured_media":514,"parent":0,"menu_order":0,"comment_status":"closed","ping_status":"closed","template":"","meta":{"_acf_changed":false,"_seopress_robots_primary_cat":"","_seopress_titles_title":"Serveis d'Enginyeria i Construcci\u00f3 | SBS Sim\u00f3n i Blanco","_seopress_titles_desc":"Descobreix els nostres serveis en enginyeria civil, edificaci\u00f3 i consultoria. Oferim planificaci\u00f3 immobili\u00e0ria, disseny, construcci\u00f3 i gesti\u00f3 d'infraestructures per a projectes eficients i sostenibles.","_seopress_robots_index":"","footnotes":""},"class_list":["post-554","page","type-page","status-publish","has-post-thumbnail","hentry"],"acf":[],"_links":{"self":[{"href":"https:\/\/sbs.dev-ws.com\/ca\/wp-json\/wp\/v2\/pages\/554","targetHints":{"allow":["GET"]}}],"collection":[{"href":"https:\/\/sbs.dev-ws.com\/ca\/wp-json\/wp\/v2\/pages"}],"about":[{"href":"https:\/\/sbs.dev-ws.com\/ca\/wp-json\/wp\/v2\/types\/page"}],"author":[{"embeddable":true,"href":"https:\/\/sbs.dev-ws.com\/ca\/wp-json\/wp\/v2\/users\/1"}],"replies":[{"embeddable":true,"href":"https:\/\/sbs.dev-ws.com\/ca\/wp-json\/wp\/v2\/comments?post=554"}],"version-history":[{"count":1,"href":"https:\/\/sbs.dev-ws.com\/ca\/wp-json\/wp\/v2\/pages\/554\/revisions"}],"predecessor-version":[{"id":845,"href":"https:\/\/sbs.dev-ws.com\/ca\/wp-json\/wp\/v2\/pages\/554\/revisions\/845"}],"wp:featuredmedia":[{"embeddable":true,"href":"https:\/\/sbs.dev-ws.com\/ca\/wp-json\/wp\/v2\/media\/514"}],"wp:attachment":[{"href":"https:\/\/sbs.dev-ws.com\/ca\/wp-json\/wp\/v2\/media?parent=554"}],"curies":[{"name":"wp","href":"https:\/\/api.w.org\/{rel}","templated":true}]}}