{"id":555,"date":"2024-03-18T11:57:31","date_gmt":"2024-03-18T10:57:31","guid":{"rendered":"https:\/\/sbs.dev-ws.com\/projectes\/"},"modified":"2025-08-05T12:20:15","modified_gmt":"2025-08-05T10:20:15","slug":"projectes","status":"publish","type":"page","link":"https:\/\/sbs.dev-ws.com\/ca\/projectes\/","title":{"rendered":"Projectes"},"content":{"rendered":"","protected":false},"excerpt":{"rendered":"","protected":false},"author":1,"featured_media":1816,"parent":0,"menu_order":0,"comment_status":"closed","ping_status":"closed","template":"","meta":{"_acf_changed":false,"_seopress_robots_primary_cat":"","_seopress_titles_title":"Projectes d'Enginyeria i Construcci\u00f3 | Edificaci\u00f3, Infraestructura i Medi Ambient","_seopress_titles_desc":"Explora els nostres projectes en edificaci\u00f3, infraestructures i sostenibilitat. En SBS, dissenyem i executem solucions innovadores i eficients per al desenvolupament urb\u00e0 i ambiental.","_seopress_robots_index":"","footnotes":""},"class_list":["post-555","page","type-page","status-publish","has-post-thumbnail","hentry"],"acf":[],"_links":{"self":[{"href":"https:\/\/sbs.dev-ws.com\/ca\/wp-json\/wp\/v2\/pages\/555","targetHints":{"allow":["GET"]}}],"collection":[{"href":"https:\/\/sbs.dev-ws.com\/ca\/wp-json\/wp\/v2\/pages"}],"about":[{"href":"https:\/\/sbs.dev-ws.com\/ca\/wp-json\/wp\/v2\/types\/page"}],"author":[{"embeddable":true,"href":"https:\/\/sbs.dev-ws.com\/ca\/wp-json\/wp\/v2\/users\/1"}],"replies":[{"embeddable":true,"href":"https:\/\/sbs.dev-ws.com\/ca\/wp-json\/wp\/v2\/comments?post=555"}],"version-history":[{"count":1,"href":"https:\/\/sbs.dev-ws.com\/ca\/wp-json\/wp\/v2\/pages\/555\/revisions"}],"predecessor-version":[{"id":841,"href":"https:\/\/sbs.dev-ws.com\/ca\/wp-json\/wp\/v2\/pages\/555\/revisions\/841"}],"wp:featuredmedia":[{"embeddable":true,"href":"https:\/\/sbs.dev-ws.com\/ca\/wp-json\/wp\/v2\/media\/1816"}],"wp:attachment":[{"href":"https:\/\/sbs.dev-ws.com\/ca\/wp-json\/wp\/v2\/media?parent=555"}],"curies":[{"name":"wp","href":"https:\/\/api.w.org\/{rel}","templated":true}]}}