{"id":558,"date":"2024-03-18T11:57:19","date_gmt":"2024-03-18T10:57:19","guid":{"rendered":"https:\/\/sbs.dev-ws.com\/contacte\/"},"modified":"2025-08-04T16:50:05","modified_gmt":"2025-08-04T14:50:05","slug":"contacte","status":"publish","type":"page","link":"https:\/\/sbs.dev-ws.com\/ca\/contacte\/","title":{"rendered":"Contacte"},"content":{"rendered":"","protected":false},"excerpt":{"rendered":"","protected":false},"author":1,"featured_media":3858,"parent":0,"menu_order":0,"comment_status":"closed","ping_status":"closed","template":"","meta":{"_acf_changed":false,"_seopress_robots_primary_cat":"","_seopress_titles_title":"Contacte | SBS Sim\u00f3n i Blanco - Consultoria en Enginyeria i Construcci\u00f3","_seopress_titles_desc":"Posa't en contacte amb SBS per a m\u00e9s informaci\u00f3 sobre els nostres serveis d'enginyeria, edificaci\u00f3 i infraestructures. Ll\u00e0mans, envia'ns un email o vis\u00edtans a Barcelona.","_seopress_robots_index":"","footnotes":""},"class_list":["post-558","page","type-page","status-publish","has-post-thumbnail","hentry"],"acf":[],"_links":{"self":[{"href":"https:\/\/sbs.dev-ws.com\/ca\/wp-json\/wp\/v2\/pages\/558","targetHints":{"allow":["GET"]}}],"collection":[{"href":"https:\/\/sbs.dev-ws.com\/ca\/wp-json\/wp\/v2\/pages"}],"about":[{"href":"https:\/\/sbs.dev-ws.com\/ca\/wp-json\/wp\/v2\/types\/page"}],"author":[{"embeddable":true,"href":"https:\/\/sbs.dev-ws.com\/ca\/wp-json\/wp\/v2\/users\/1"}],"replies":[{"embeddable":true,"href":"https:\/\/sbs.dev-ws.com\/ca\/wp-json\/wp\/v2\/comments?post=558"}],"version-history":[{"count":2,"href":"https:\/\/sbs.dev-ws.com\/ca\/wp-json\/wp\/v2\/pages\/558\/revisions"}],"predecessor-version":[{"id":3899,"href":"https:\/\/sbs.dev-ws.com\/ca\/wp-json\/wp\/v2\/pages\/558\/revisions\/3899"}],"wp:featuredmedia":[{"embeddable":true,"href":"https:\/\/sbs.dev-ws.com\/ca\/wp-json\/wp\/v2\/media\/3858"}],"wp:attachment":[{"href":"https:\/\/sbs.dev-ws.com\/ca\/wp-json\/wp\/v2\/media?parent=558"}],"curies":[{"name":"wp","href":"https:\/\/api.w.org\/{rel}","templated":true}]}}