{"id":560,"date":"2024-03-18T13:05:37","date_gmt":"2024-03-18T12:05:37","guid":{"rendered":"https:\/\/sbs.dev-ws.com\/sobre-sbs\/"},"modified":"2025-08-04T16:38:36","modified_gmt":"2025-08-04T14:38:36","slug":"sobre-sbs","status":"publish","type":"page","link":"https:\/\/sbs.dev-ws.com\/ca\/sobre-sbs\/","title":{"rendered":"Sobre SBS"},"content":{"rendered":"","protected":false},"excerpt":{"rendered":"","protected":false},"author":1,"featured_media":3849,"parent":0,"menu_order":0,"comment_status":"closed","ping_status":"closed","template":"","meta":{"_acf_changed":false,"_seopress_robots_primary_cat":"","_seopress_titles_title":"Sobre SBS | Enginyeria i Consultoria en Infraestructura i Medi Ambient","_seopress_titles_desc":"Descobreix SBS, una consultora experta en edificaci\u00f3, infraestructura i medi ambient. Amb m\u00e9s de 20 anys d'experi\u00e8ncia, oferim solucions innovadores i sostenibles per a projectes de gran impacte. Con\u00f2cens.","_seopress_robots_index":"","footnotes":""},"class_list":["post-560","page","type-page","status-publish","has-post-thumbnail","hentry"],"acf":[],"_links":{"self":[{"href":"https:\/\/sbs.dev-ws.com\/ca\/wp-json\/wp\/v2\/pages\/560","targetHints":{"allow":["GET"]}}],"collection":[{"href":"https:\/\/sbs.dev-ws.com\/ca\/wp-json\/wp\/v2\/pages"}],"about":[{"href":"https:\/\/sbs.dev-ws.com\/ca\/wp-json\/wp\/v2\/types\/page"}],"author":[{"embeddable":true,"href":"https:\/\/sbs.dev-ws.com\/ca\/wp-json\/wp\/v2\/users\/1"}],"replies":[{"embeddable":true,"href":"https:\/\/sbs.dev-ws.com\/ca\/wp-json\/wp\/v2\/comments?post=560"}],"version-history":[{"count":1,"href":"https:\/\/sbs.dev-ws.com\/ca\/wp-json\/wp\/v2\/pages\/560\/revisions"}],"predecessor-version":[{"id":3847,"href":"https:\/\/sbs.dev-ws.com\/ca\/wp-json\/wp\/v2\/pages\/560\/revisions\/3847"}],"wp:featuredmedia":[{"embeddable":true,"href":"https:\/\/sbs.dev-ws.com\/ca\/wp-json\/wp\/v2\/media\/3849"}],"wp:attachment":[{"href":"https:\/\/sbs.dev-ws.com\/ca\/wp-json\/wp\/v2\/media?parent=560"}],"curies":[{"name":"wp","href":"https:\/\/api.w.org\/{rel}","templated":true}]}}